{"id":1100,"date":"2019-01-25T21:14:16","date_gmt":"2019-01-25T19:14:16","guid":{"rendered":"https:\/\/adrenaator.ee\/hinnad\/"},"modified":"2026-02-10T19:46:46","modified_gmt":"2026-02-10T17:46:46","slug":"cenas","status":"publish","type":"page","link":"https:\/\/adrenaator.ee\/lv\/cenas\/","title":{"rendered":"Cenas"},"content":{"rendered":"\n<!-- Facebook Like Button Vivacity Infotech BEGIN -->\n<div class=\"fb-like\" data-href=\"https:\/\/adrenaator.ee\/lv\/cenas\/\" data-layout=\"standard\" data-action=\"like\" data-show-faces=\"false\" data-size=\"small\" data-width=\"450\" data-share=\"\" ><\/div>\n<!-- Facebook Like Button Vivacity Infotech END -->\n\r\n<p><strong>Piedz\u012bvojumu p\u0101rg\u0101jiens \u201cpiem\u0113rots ikvienam\u201d <br \/><\/strong>L\u012bdz 10 person\u0101m 120 \u20ac<br \/>Papildu dal\u012bbnieks 10 \u20ac\/persona<br \/><strong data-start=\"296\" data-end=\"303\">NB!<\/strong> Ieteicamais grupas lielums \u2013 l\u012bdz 10 person\u0101m vienlaikus.<br data-start=\"361\" data-end=\"364\" \/><strong data-start=\"364\" data-end=\"407\">Saist\u012bts pakalpojums ar karjeras safari<\/strong> (atsevi\u0161\u0137i netiek pied\u0101v\u0101ts).<\/p>\r\n\r\n\r\n\r\n<p><strong>Piedz\u012bvojumu p\u0101rg\u0101jiens \u201csportisks izaicin\u0101jums&#8221;<br \/><\/strong>L\u012bdz 10 person\u0101m 170 \u20ac<br \/>Papildu dal\u012bbnieks \u2013 15 \u20ac\/persona<br \/><strong data-start=\"576\" data-end=\"583\">NB!<\/strong> Ieteicamais grupas lielums \u2013 l\u012bdz 10 person\u0101m vienlaikus. Saist\u012bts pakalpojums ar karjeras safari (atsevi\u0161\u0137i netiek pied\u0101v\u0101ts).\u00a0<br \/><strong data-start=\"720\" data-end=\"727\">NB!<\/strong> Sportiskais piedz\u012bvojumu p\u0101rg\u0101jiens pieejams tikai <strong data-start=\"779\" data-end=\"786\">P\u2013C<\/strong>.<\/p>\r\n\r\n\r\n\r\n<p><strong><br \/>Karjeras safari<br \/><\/strong>25 \u20ac\/persona, minim\u0101l\u0101 grupa \u2013 10 personas (250 \u20ac)<br \/>P\u2013C maz\u0101k\u0101m grup\u0101m (l\u012bdz 7 person\u0101m) 200 \u20ac<\/p>\r\n\r\n\r\n\r\n<p><strong>\u00a0<\/strong><\/p>\r\n<p><strong>\u016adens p\u0101rg\u0101jiens Aidu karjera kan\u0101los: ar kanoe, SUP d\u0113\u013ciem vai gumijas plostiem<\/strong><br \/>Kanoe (3 viet\u012bgas): 30\u20ac<br \/>SUP d\u0113\u013ci (1-, 2- un 7-viet\u012bgi): 20 \u20ac\/persona<br \/>Raftinga plosti (7-viet\u012bgi): 100 \u20ac\/dien\u0101<\/p>\r\n<p>Invent\u0101ra transports: no 25 \u20ac par grupu<\/p>\r\n<p>&nbsp;<\/p>\r\n\r\n\r\n\r\n<p><strong>Laivu brauciens Aidu karjer\u0101<\/strong><br \/>25 \u20ac\/persona, minim\u0101l\u0101 grupa \u2013 10 personas (250 \u20ac)<strong><br \/><br \/><\/strong><\/p>\r\n\r\n\r\n\r\n\r\n\r\n<p><strong>Kalnr\u016bpniec\u012bbas muzeja pazemes ekskursija un bag\u0101tin\u0101\u0161anas r\u016bpn\u012bcas apmekl\u0113jums (O\u2013Sv)<br \/><\/strong>Pilna bi\u013cete: 23\u20ac<br \/>Atlaides bi\u013cete: 15\u20ac<br \/>* Atlaides bi\u013cete: b\u0113rniem, skol\u0113niem, studentiem, Igaunijas Republikas pension\u0101riem, muzeju darbiniekiem u.c.<\/p>\r\n\r\n\r\n\r\n<p>&nbsp;<\/p>\r\n<p><strong>NB! Visas cenas ir nor\u0101d\u012btas ar PVN.<br \/><\/strong><\/p>\r\n\r\n\r\n\r\n<p>&nbsp;<\/p>\r\n","protected":false},"excerpt":{"rendered":"<p>Piedz\u012bvojumu p\u0101rg\u0101jiens \u201cpiem\u0113rots ikvienam\u201d L\u012bdz 10 person\u0101m 120 \u20acPapildu dal\u012bbnieks 10 \u20ac\/personaNB! Ieteicamais grupas lielums \u2013 l\u012bdz 10 person\u0101m vienlaikus.Saist\u012bts pakalpojums ar karjeras safari (atsevi\u0161\u0137i netiek pied\u0101v\u0101ts). Piedz\u012bvojumu p\u0101rg\u0101jiens \u201csportisks izaicin\u0101jums&#8221;L\u012bdz 10 person\u0101m 170 \u20acPapildu dal\u012bbnieks \u2013 15 \u20ac\/personaNB! Ieteicamais grupas lielums \u2013 l\u012bdz 10 person\u0101m vienlaikus. Saist\u012bts pakalpojums ar karjeras safari (atsevi\u0161\u0137i netiek pied\u0101v\u0101ts).\u00a0NB! [&hellip;]<\/p>\n","protected":false},"author":2,"featured_media":0,"parent":0,"menu_order":3,"comment_status":"closed","ping_status":"closed","template":"","meta":{"_acf_changed":false,"footnotes":""},"class_list":["post-1100","page","type-page","status-publish","hentry"],"acf":[],"yoast_head":"<!-- This site is optimized with the Yoast SEO plugin v23.4 - https:\/\/yoast.com\/wordpress\/plugins\/seo\/ -->\n<title>Cenas - ADRENAATOR<\/title>\n<meta name=\"description\" content=\"Izgl\u012btojo\u0161i un aizraujo\u0161i piedz\u012bvojumi Aidu karjer\u0101 \u2013 karjeras safari, laivu braucieni, \u016bdens un piedz\u012bvojumu p\u0101rg\u0101jieni skol\u0113nu grup\u0101m.\" \/>\n<meta name=\"robots\" content=\"index, follow, max-snippet:-1, max-image-preview:large, max-video-preview:-1\" \/>\n<link rel=\"canonical\" href=\"https:\/\/adrenaator.ee\/lv\/cenas\/\" \/>\n<meta property=\"og:locale\" content=\"lv_LV\" \/>\n<meta property=\"og:type\" content=\"article\" \/>\n<meta property=\"og:title\" content=\"Cenas - ADRENAATOR\" \/>\n<meta property=\"og:description\" content=\"Izgl\u012btojo\u0161i un aizraujo\u0161i piedz\u012bvojumi Aidu karjer\u0101 \u2013 karjeras safari, laivu braucieni, \u016bdens un piedz\u012bvojumu p\u0101rg\u0101jieni skol\u0113nu grup\u0101m.\" \/>\n<meta property=\"og:url\" content=\"https:\/\/adrenaator.ee\/lv\/cenas\/\" \/>\n<meta property=\"og:site_name\" content=\"ADRENAATOR\" \/>\n<meta property=\"article:publisher\" content=\"https:\/\/www.facebook.com\/adrenaator\" \/>\n<meta property=\"article:modified_time\" content=\"2026-02-10T17:46:46+00:00\" \/>\n<meta name=\"twitter:card\" content=\"summary_large_image\" \/>\n<meta name=\"twitter:label1\" content=\"Est. reading time\" \/>\n\t<meta name=\"twitter:data1\" content=\"1 minute\" \/>\n<script type=\"application\/ld+json\" class=\"yoast-schema-graph\">{\"@context\":\"https:\/\/schema.org\",\"@graph\":[{\"@type\":\"WebPage\",\"@id\":\"https:\/\/adrenaator.ee\/lv\/cenas\/\",\"url\":\"https:\/\/adrenaator.ee\/lv\/cenas\/\",\"name\":\"Cenas - ADRENAATOR\",\"isPartOf\":{\"@id\":\"https:\/\/adrenaator.ee\/#website\"},\"datePublished\":\"2019-01-25T19:14:16+00:00\",\"dateModified\":\"2026-02-10T17:46:46+00:00\",\"description\":\"Izgl\u012btojo\u0161i un aizraujo\u0161i piedz\u012bvojumi Aidu karjer\u0101 \u2013 karjeras safari, laivu braucieni, \u016bdens un piedz\u012bvojumu p\u0101rg\u0101jieni skol\u0113nu grup\u0101m.\",\"breadcrumb\":{\"@id\":\"https:\/\/adrenaator.ee\/lv\/cenas\/#breadcrumb\"},\"inLanguage\":\"lv-LV\",\"potentialAction\":[{\"@type\":\"ReadAction\",\"target\":[\"https:\/\/adrenaator.ee\/lv\/cenas\/\"]}]},{\"@type\":\"BreadcrumbList\",\"@id\":\"https:\/\/adrenaator.ee\/lv\/cenas\/#breadcrumb\",\"itemListElement\":[{\"@type\":\"ListItem\",\"position\":1,\"name\":\"Home\",\"item\":\"https:\/\/adrenaator.ee\/lv\/\"},{\"@type\":\"ListItem\",\"position\":2,\"name\":\"Cenas\"}]},{\"@type\":\"WebSite\",\"@id\":\"https:\/\/adrenaator.ee\/#website\",\"url\":\"https:\/\/adrenaator.ee\/\",\"name\":\"ADRENAATOR\",\"description\":\"Seiklus t&auml;isp&ouml;&ouml;retel!\",\"publisher\":{\"@id\":\"https:\/\/adrenaator.ee\/#organization\"},\"potentialAction\":[{\"@type\":\"SearchAction\",\"target\":{\"@type\":\"EntryPoint\",\"urlTemplate\":\"https:\/\/adrenaator.ee\/?s={search_term_string}\"},\"query-input\":{\"@type\":\"PropertyValueSpecification\",\"valueRequired\":true,\"valueName\":\"search_term_string\"}}],\"inLanguage\":\"lv-LV\"},{\"@type\":\"Organization\",\"@id\":\"https:\/\/adrenaator.ee\/#organization\",\"name\":\"Adrenaator Grupp\",\"url\":\"https:\/\/adrenaator.ee\/\",\"logo\":{\"@type\":\"ImageObject\",\"inLanguage\":\"lv-LV\",\"@id\":\"https:\/\/adrenaator.ee\/#\/schema\/logo\/image\/\",\"url\":\"https:\/\/adrenaator.ee\/wp-content\/uploads\/2021\/05\/adrenaator-sloganiga_png.png\",\"contentUrl\":\"https:\/\/adrenaator.ee\/wp-content\/uploads\/2021\/05\/adrenaator-sloganiga_png.png\",\"width\":1275,\"height\":152,\"caption\":\"Adrenaator Grupp\"},\"image\":{\"@id\":\"https:\/\/adrenaator.ee\/#\/schema\/logo\/image\/\"},\"sameAs\":[\"https:\/\/www.facebook.com\/adrenaator\"]}]}<\/script>\n<!-- \/ Yoast SEO plugin. -->","yoast_head_json":{"title":"Cenas - ADRENAATOR","description":"Izgl\u012btojo\u0161i un aizraujo\u0161i piedz\u012bvojumi Aidu karjer\u0101 \u2013 karjeras safari, laivu braucieni, \u016bdens un piedz\u012bvojumu p\u0101rg\u0101jieni skol\u0113nu grup\u0101m.","robots":{"index":"index","follow":"follow","max-snippet":"max-snippet:-1","max-image-preview":"max-image-preview:large","max-video-preview":"max-video-preview:-1"},"canonical":"https:\/\/adrenaator.ee\/lv\/cenas\/","og_locale":"lv_LV","og_type":"article","og_title":"Cenas - ADRENAATOR","og_description":"Izgl\u012btojo\u0161i un aizraujo\u0161i piedz\u012bvojumi Aidu karjer\u0101 \u2013 karjeras safari, laivu braucieni, \u016bdens un piedz\u012bvojumu p\u0101rg\u0101jieni skol\u0113nu grup\u0101m.","og_url":"https:\/\/adrenaator.ee\/lv\/cenas\/","og_site_name":"ADRENAATOR","article_publisher":"https:\/\/www.facebook.com\/adrenaator","article_modified_time":"2026-02-10T17:46:46+00:00","twitter_card":"summary_large_image","twitter_misc":{"Est. reading time":"1 minute"},"schema":{"@context":"https:\/\/schema.org","@graph":[{"@type":"WebPage","@id":"https:\/\/adrenaator.ee\/lv\/cenas\/","url":"https:\/\/adrenaator.ee\/lv\/cenas\/","name":"Cenas - ADRENAATOR","isPartOf":{"@id":"https:\/\/adrenaator.ee\/#website"},"datePublished":"2019-01-25T19:14:16+00:00","dateModified":"2026-02-10T17:46:46+00:00","description":"Izgl\u012btojo\u0161i un aizraujo\u0161i piedz\u012bvojumi Aidu karjer\u0101 \u2013 karjeras safari, laivu braucieni, \u016bdens un piedz\u012bvojumu p\u0101rg\u0101jieni skol\u0113nu grup\u0101m.","breadcrumb":{"@id":"https:\/\/adrenaator.ee\/lv\/cenas\/#breadcrumb"},"inLanguage":"lv-LV","potentialAction":[{"@type":"ReadAction","target":["https:\/\/adrenaator.ee\/lv\/cenas\/"]}]},{"@type":"BreadcrumbList","@id":"https:\/\/adrenaator.ee\/lv\/cenas\/#breadcrumb","itemListElement":[{"@type":"ListItem","position":1,"name":"Home","item":"https:\/\/adrenaator.ee\/lv\/"},{"@type":"ListItem","position":2,"name":"Cenas"}]},{"@type":"WebSite","@id":"https:\/\/adrenaator.ee\/#website","url":"https:\/\/adrenaator.ee\/","name":"ADRENAATOR","description":"Seiklus t&auml;isp&ouml;&ouml;retel!","publisher":{"@id":"https:\/\/adrenaator.ee\/#organization"},"potentialAction":[{"@type":"SearchAction","target":{"@type":"EntryPoint","urlTemplate":"https:\/\/adrenaator.ee\/?s={search_term_string}"},"query-input":{"@type":"PropertyValueSpecification","valueRequired":true,"valueName":"search_term_string"}}],"inLanguage":"lv-LV"},{"@type":"Organization","@id":"https:\/\/adrenaator.ee\/#organization","name":"Adrenaator Grupp","url":"https:\/\/adrenaator.ee\/","logo":{"@type":"ImageObject","inLanguage":"lv-LV","@id":"https:\/\/adrenaator.ee\/#\/schema\/logo\/image\/","url":"https:\/\/adrenaator.ee\/wp-content\/uploads\/2021\/05\/adrenaator-sloganiga_png.png","contentUrl":"https:\/\/adrenaator.ee\/wp-content\/uploads\/2021\/05\/adrenaator-sloganiga_png.png","width":1275,"height":152,"caption":"Adrenaator Grupp"},"image":{"@id":"https:\/\/adrenaator.ee\/#\/schema\/logo\/image\/"},"sameAs":["https:\/\/www.facebook.com\/adrenaator"]}]}},"_links":{"self":[{"href":"https:\/\/adrenaator.ee\/lv\/wp-json\/wp\/v2\/pages\/1100","targetHints":{"allow":["GET"]}}],"collection":[{"href":"https:\/\/adrenaator.ee\/lv\/wp-json\/wp\/v2\/pages"}],"about":[{"href":"https:\/\/adrenaator.ee\/lv\/wp-json\/wp\/v2\/types\/page"}],"author":[{"embeddable":true,"href":"https:\/\/adrenaator.ee\/lv\/wp-json\/wp\/v2\/users\/2"}],"replies":[{"embeddable":true,"href":"https:\/\/adrenaator.ee\/lv\/wp-json\/wp\/v2\/comments?post=1100"}],"version-history":[{"count":3,"href":"https:\/\/adrenaator.ee\/lv\/wp-json\/wp\/v2\/pages\/1100\/revisions"}],"predecessor-version":[{"id":1106,"href":"https:\/\/adrenaator.ee\/lv\/wp-json\/wp\/v2\/pages\/1100\/revisions\/1106"}],"wp:attachment":[{"href":"https:\/\/adrenaator.ee\/lv\/wp-json\/wp\/v2\/media?parent=1100"}],"curies":[{"name":"wp","href":"https:\/\/api.w.org\/{rel}","templated":true}]}}