{"id":1125,"date":"2019-01-25T17:42:47","date_gmt":"2019-01-25T15:42:47","guid":{"rendered":"https:\/\/adrenaator.ee\/seiklused-aidus\/"},"modified":"2026-02-12T11:59:14","modified_gmt":"2026-02-12T09:59:14","slug":"seiklused-aidus","status":"publish","type":"page","link":"https:\/\/adrenaator.ee\/lv\/","title":{"rendered":"Adrenaator"},"content":{"rendered":"\n<!-- Facebook Like Button Vivacity Infotech BEGIN -->\n<div class=\"fb-like\" data-href=\"https:\/\/adrenaator.ee\/lv\/\" data-layout=\"standard\" data-action=\"like\" data-show-faces=\"false\" data-size=\"small\" data-width=\"450\" data-share=\"\" ><\/div>\n<!-- Facebook Like Button Vivacity Infotech END -->\n\r\n<p>Adrenators pied\u0101v\u0101 daudzveid\u012bgus piedz\u012bvojumus \u2013 gan uz \u016bdens, gan uz zemes, gan k\u0101j\u0101m, gan ar transportu. Izv\u0113lies savu iecien\u012bt\u0101ko vai izm\u0113\u0123ini visus! Gaid\u0101m tevi kop\u0101 ar draugiem, \u0123imeni vai kol\u0113\u0123iem.<\/p>\r\n\r\n\r\n\r\n<p>Organiz\u0113jam vasaras dienas un komandas pas\u0101kumus, pie\u0161\u0137iram dzim\u0161anas dien\u0101m \u012bpa\u0161u piedz\u012bvojuma gar\u0161u un p\u0101rbaud\u0101m pat drosm\u012bg\u0101ko dal\u012bbnieku adrenal\u012bna robe\u017eas! Piedz\u012bvojumi notiek unik\u0101l\u0101 m\u0101ksl\u012bg\u0101 ainav\u0101 \u2013 Aidu karjer\u0101, Igaunij\u0101.<\/p>\r\n<p>&nbsp;<\/p>\r\n\r\n\r\n\r\n<h2 class=\"wp-block-heading\">Uz piedz\u012bvojumiem!<\/h2>\r\n\r\n\r\n\r\n\r\n\r\n\r\n","protected":false},"excerpt":{"rendered":"<p>Adrenators pied\u0101v\u0101 daudzveid\u012bgus piedz\u012bvojumus \u2013 gan uz \u016bdens, gan uz zemes, gan k\u0101j\u0101m, gan ar transportu. Izv\u0113lies savu iecien\u012bt\u0101ko vai izm\u0113\u0123ini visus! Gaid\u0101m tevi kop\u0101 ar draugiem, \u0123imeni vai kol\u0113\u0123iem. Organiz\u0113jam vasaras dienas un komandas pas\u0101kumus, pie\u0161\u0137iram dzim\u0161anas dien\u0101m \u012bpa\u0161u piedz\u012bvojuma gar\u0161u un p\u0101rbaud\u0101m pat drosm\u012bg\u0101ko dal\u012bbnieku adrenal\u012bna robe\u017eas! Piedz\u012bvojumi notiek unik\u0101l\u0101 m\u0101ksl\u012bg\u0101 ainav\u0101 \u2013 [&hellip;]<\/p>\n","protected":false},"author":2,"featured_media":0,"parent":0,"menu_order":0,"comment_status":"closed","ping_status":"closed","template":"","meta":{"_acf_changed":false,"footnotes":""},"class_list":["post-1125","page","type-page","status-publish","hentry"],"acf":[],"yoast_head":"<!-- This site is optimized with the Yoast SEO plugin v23.4 - https:\/\/yoast.com\/wordpress\/plugins\/seo\/ -->\n<title>Adrenaator - ADRENAATOR<\/title>\n<meta name=\"description\" content=\"P\u00f5nevad seiklused peredele, s\u00f5pradele, kollektiividele Aidu karj\u00e4\u00e4ris. Karj\u00e4\u00e4risafari, kanuumatk, jalgsimatk - k\u00f5igile midagi!\" \/>\n<meta name=\"robots\" content=\"index, follow, max-snippet:-1, max-image-preview:large, max-video-preview:-1\" \/>\n<link rel=\"canonical\" href=\"https:\/\/adrenaator.ee\/lv\/\" \/>\n<meta property=\"og:locale\" content=\"lv_LV\" \/>\n<meta property=\"og:type\" content=\"article\" \/>\n<meta property=\"og:title\" content=\"Adrenaator - ADRENAATOR\" \/>\n<meta property=\"og:description\" content=\"P\u00f5nevad seiklused peredele, s\u00f5pradele, kollektiividele Aidu karj\u00e4\u00e4ris. Karj\u00e4\u00e4risafari, kanuumatk, jalgsimatk - k\u00f5igile midagi!\" \/>\n<meta property=\"og:url\" content=\"https:\/\/adrenaator.ee\/lv\/\" \/>\n<meta property=\"og:site_name\" content=\"ADRENAATOR\" \/>\n<meta property=\"article:publisher\" content=\"https:\/\/www.facebook.com\/adrenaator\" \/>\n<meta property=\"article:modified_time\" content=\"2026-02-12T09:59:14+00:00\" \/>\n<meta name=\"twitter:card\" content=\"summary_large_image\" \/>\n<meta name=\"twitter:label1\" content=\"Est. reading time\" \/>\n\t<meta name=\"twitter:data1\" content=\"1 minute\" \/>\n<script type=\"application\/ld+json\" class=\"yoast-schema-graph\">{\"@context\":\"https:\/\/schema.org\",\"@graph\":[{\"@type\":\"WebPage\",\"@id\":\"https:\/\/adrenaator.ee\/lv\/\",\"url\":\"https:\/\/adrenaator.ee\/lv\/\",\"name\":\"Adrenaator - ADRENAATOR\",\"isPartOf\":{\"@id\":\"https:\/\/adrenaator.ee\/#website\"},\"datePublished\":\"2019-01-25T15:42:47+00:00\",\"dateModified\":\"2026-02-12T09:59:14+00:00\",\"description\":\"P\u00f5nevad seiklused peredele, s\u00f5pradele, kollektiividele Aidu karj\u00e4\u00e4ris. Karj\u00e4\u00e4risafari, kanuumatk, jalgsimatk - k\u00f5igile midagi!\",\"breadcrumb\":{\"@id\":\"https:\/\/adrenaator.ee\/lv\/#breadcrumb\"},\"inLanguage\":\"lv-LV\",\"potentialAction\":[{\"@type\":\"ReadAction\",\"target\":[\"https:\/\/adrenaator.ee\/lv\/\"]}]},{\"@type\":\"BreadcrumbList\",\"@id\":\"https:\/\/adrenaator.ee\/lv\/#breadcrumb\",\"itemListElement\":[{\"@type\":\"ListItem\",\"position\":1,\"name\":\"Home\",\"item\":\"https:\/\/adrenaator.ee\/lv\/\"},{\"@type\":\"ListItem\",\"position\":2,\"name\":\"Adrenaator\"}]},{\"@type\":\"WebSite\",\"@id\":\"https:\/\/adrenaator.ee\/#website\",\"url\":\"https:\/\/adrenaator.ee\/\",\"name\":\"ADRENAATOR\",\"description\":\"Seiklus t&auml;isp&ouml;&ouml;retel!\",\"publisher\":{\"@id\":\"https:\/\/adrenaator.ee\/#organization\"},\"potentialAction\":[{\"@type\":\"SearchAction\",\"target\":{\"@type\":\"EntryPoint\",\"urlTemplate\":\"https:\/\/adrenaator.ee\/?s={search_term_string}\"},\"query-input\":{\"@type\":\"PropertyValueSpecification\",\"valueRequired\":true,\"valueName\":\"search_term_string\"}}],\"inLanguage\":\"lv-LV\"},{\"@type\":\"Organization\",\"@id\":\"https:\/\/adrenaator.ee\/#organization\",\"name\":\"Adrenaator Grupp\",\"url\":\"https:\/\/adrenaator.ee\/\",\"logo\":{\"@type\":\"ImageObject\",\"inLanguage\":\"lv-LV\",\"@id\":\"https:\/\/adrenaator.ee\/#\/schema\/logo\/image\/\",\"url\":\"https:\/\/adrenaator.ee\/wp-content\/uploads\/2021\/05\/adrenaator-sloganiga_png.png\",\"contentUrl\":\"https:\/\/adrenaator.ee\/wp-content\/uploads\/2021\/05\/adrenaator-sloganiga_png.png\",\"width\":1275,\"height\":152,\"caption\":\"Adrenaator Grupp\"},\"image\":{\"@id\":\"https:\/\/adrenaator.ee\/#\/schema\/logo\/image\/\"},\"sameAs\":[\"https:\/\/www.facebook.com\/adrenaator\"]}]}<\/script>\n<!-- \/ Yoast SEO plugin. -->","yoast_head_json":{"title":"Adrenaator - ADRENAATOR","description":"P\u00f5nevad seiklused peredele, s\u00f5pradele, kollektiividele Aidu karj\u00e4\u00e4ris. Karj\u00e4\u00e4risafari, kanuumatk, jalgsimatk - k\u00f5igile midagi!","robots":{"index":"index","follow":"follow","max-snippet":"max-snippet:-1","max-image-preview":"max-image-preview:large","max-video-preview":"max-video-preview:-1"},"canonical":"https:\/\/adrenaator.ee\/lv\/","og_locale":"lv_LV","og_type":"article","og_title":"Adrenaator - ADRENAATOR","og_description":"P\u00f5nevad seiklused peredele, s\u00f5pradele, kollektiividele Aidu karj\u00e4\u00e4ris. Karj\u00e4\u00e4risafari, kanuumatk, jalgsimatk - k\u00f5igile midagi!","og_url":"https:\/\/adrenaator.ee\/lv\/","og_site_name":"ADRENAATOR","article_publisher":"https:\/\/www.facebook.com\/adrenaator","article_modified_time":"2026-02-12T09:59:14+00:00","twitter_card":"summary_large_image","twitter_misc":{"Est. reading time":"1 minute"},"schema":{"@context":"https:\/\/schema.org","@graph":[{"@type":"WebPage","@id":"https:\/\/adrenaator.ee\/lv\/","url":"https:\/\/adrenaator.ee\/lv\/","name":"Adrenaator - ADRENAATOR","isPartOf":{"@id":"https:\/\/adrenaator.ee\/#website"},"datePublished":"2019-01-25T15:42:47+00:00","dateModified":"2026-02-12T09:59:14+00:00","description":"P\u00f5nevad seiklused peredele, s\u00f5pradele, kollektiividele Aidu karj\u00e4\u00e4ris. Karj\u00e4\u00e4risafari, kanuumatk, jalgsimatk - k\u00f5igile midagi!","breadcrumb":{"@id":"https:\/\/adrenaator.ee\/lv\/#breadcrumb"},"inLanguage":"lv-LV","potentialAction":[{"@type":"ReadAction","target":["https:\/\/adrenaator.ee\/lv\/"]}]},{"@type":"BreadcrumbList","@id":"https:\/\/adrenaator.ee\/lv\/#breadcrumb","itemListElement":[{"@type":"ListItem","position":1,"name":"Home","item":"https:\/\/adrenaator.ee\/lv\/"},{"@type":"ListItem","position":2,"name":"Adrenaator"}]},{"@type":"WebSite","@id":"https:\/\/adrenaator.ee\/#website","url":"https:\/\/adrenaator.ee\/","name":"ADRENAATOR","description":"Seiklus t&auml;isp&ouml;&ouml;retel!","publisher":{"@id":"https:\/\/adrenaator.ee\/#organization"},"potentialAction":[{"@type":"SearchAction","target":{"@type":"EntryPoint","urlTemplate":"https:\/\/adrenaator.ee\/?s={search_term_string}"},"query-input":{"@type":"PropertyValueSpecification","valueRequired":true,"valueName":"search_term_string"}}],"inLanguage":"lv-LV"},{"@type":"Organization","@id":"https:\/\/adrenaator.ee\/#organization","name":"Adrenaator Grupp","url":"https:\/\/adrenaator.ee\/","logo":{"@type":"ImageObject","inLanguage":"lv-LV","@id":"https:\/\/adrenaator.ee\/#\/schema\/logo\/image\/","url":"https:\/\/adrenaator.ee\/wp-content\/uploads\/2021\/05\/adrenaator-sloganiga_png.png","contentUrl":"https:\/\/adrenaator.ee\/wp-content\/uploads\/2021\/05\/adrenaator-sloganiga_png.png","width":1275,"height":152,"caption":"Adrenaator Grupp"},"image":{"@id":"https:\/\/adrenaator.ee\/#\/schema\/logo\/image\/"},"sameAs":["https:\/\/www.facebook.com\/adrenaator"]}]}},"_links":{"self":[{"href":"https:\/\/adrenaator.ee\/lv\/wp-json\/wp\/v2\/pages\/1125","targetHints":{"allow":["GET"]}}],"collection":[{"href":"https:\/\/adrenaator.ee\/lv\/wp-json\/wp\/v2\/pages"}],"about":[{"href":"https:\/\/adrenaator.ee\/lv\/wp-json\/wp\/v2\/types\/page"}],"author":[{"embeddable":true,"href":"https:\/\/adrenaator.ee\/lv\/wp-json\/wp\/v2\/users\/2"}],"replies":[{"embeddable":true,"href":"https:\/\/adrenaator.ee\/lv\/wp-json\/wp\/v2\/comments?post=1125"}],"version-history":[{"count":2,"href":"https:\/\/adrenaator.ee\/lv\/wp-json\/wp\/v2\/pages\/1125\/revisions"}],"predecessor-version":[{"id":1130,"href":"https:\/\/adrenaator.ee\/lv\/wp-json\/wp\/v2\/pages\/1125\/revisions\/1130"}],"wp:attachment":[{"href":"https:\/\/adrenaator.ee\/lv\/wp-json\/wp\/v2\/media?parent=1125"}],"curies":[{"name":"wp","href":"https:\/\/api.w.org\/{rel}","templated":true}]}}